{"id":419,"date":"2023-02-28T10:57:21","date_gmt":"2023-02-28T10:57:21","guid":{"rendered":"https:\/\/ita-union.al\/product\/hahne-cornflakes-250gr-375gr\/"},"modified":"2023-03-14T11:50:29","modified_gmt":"2023-03-14T11:50:29","slug":"hahne-cornflakes-250gr-375gr","status":"publish","type":"product","link":"https:\/\/ita-union.al\/sq\/product\/hahne-cornflakes-250gr-375gr\/","title":{"rendered":"Hahne Cornflakes 375gr \/ 250gr"},"content":{"rendered":"<p>Kornflaks I thjesht\u00eb me p\u00ebrb\u00ebrje misri.<\/p>\n<p><strong>375gr \/ 250gr\u00a0<\/strong><\/p>\n<p>&nbsp;<\/p>\n","protected":false},"excerpt":{"rendered":"<p>Kornflaks I thjesht\u00eb me p\u00ebrb\u00ebrje misri.<\/p>\n","protected":false},"featured_media":421,"comment_status":"closed","ping_status":"closed","template":"","meta":[],"product_brand":[],"product_cat":[16,17,33],"product_tag":[],"class_list":{"0":"post-419","1":"product","2":"type-product","3":"status-publish","4":"has-post-thumbnail","6":"product_cat-breakfast-cereals","7":"product_cat-cornflakes","8":"product_cat-dritherat-sq","9":"description-off","11":"first","12":"instock","13":"shipping-taxable","14":"product-type-simple"},"_links":{"self":[{"href":"https:\/\/ita-union.al\/sq\/wp-json\/wp\/v2\/product\/419","targetHints":{"allow":["GET"]}}],"collection":[{"href":"https:\/\/ita-union.al\/sq\/wp-json\/wp\/v2\/product"}],"about":[{"href":"https:\/\/ita-union.al\/sq\/wp-json\/wp\/v2\/types\/product"}],"replies":[{"embeddable":true,"href":"https:\/\/ita-union.al\/sq\/wp-json\/wp\/v2\/comments?post=419"}],"wp:featuredmedia":[{"embeddable":true,"href":"https:\/\/ita-union.al\/sq\/wp-json\/wp\/v2\/media\/421"}],"wp:attachment":[{"href":"https:\/\/ita-union.al\/sq\/wp-json\/wp\/v2\/media?parent=419"}],"wp:term":[{"taxonomy":"product_brand","embeddable":true,"href":"https:\/\/ita-union.al\/sq\/wp-json\/wp\/v2\/product_brand?post=419"},{"taxonomy":"product_cat","embeddable":true,"href":"https:\/\/ita-union.al\/sq\/wp-json\/wp\/v2\/product_cat?post=419"},{"taxonomy":"product_tag","embeddable":true,"href":"https:\/\/ita-union.al\/sq\/wp-json\/wp\/v2\/product_tag?post=419"}],"curies":[{"name":"wp","href":"https:\/\/api.w.org\/{rel}","templated":true}]}}