{"id":388,"date":"2023-03-06T14:57:35","date_gmt":"2023-03-06T14:57:35","guid":{"rendered":"https:\/\/ita-union.al\/about-us\/"},"modified":"2023-03-17T09:11:10","modified_gmt":"2023-03-17T09:11:10","slug":"rreth-nesh","status":"publish","type":"page","link":"https:\/\/ita-union.al\/sq\/rreth-nesh\/","title":{"rendered":"Rreth Nesh"},"content":{"rendered":"<div class=\"wpb-content-wrapper\"><p>[vc_row css=&#8221;.vc_custom_1678112049921{padding-top: 70px !important;padding-bottom: 70px !important;}&#8221;][vc_column][vc_row_inner][vc_column_inner width=&#8221;1\/2&#8243;][vc_custom_heading text=&#8221;Rreth Nesh&#8221; font_container=&#8221;tag:h2|font_size:45|text_align:left&#8221; use_theme_fonts=&#8221;yes&#8221; css=&#8221;.vc_custom_1678790773373{margin-top: -10px !important;}&#8221;][vc_column_text]Ita-Union ofron nj\u00eb gam\u00eb t\u00eb gjer\u00eb produktesh dhe sh\u00ebrbimesh, duke filluar nga ushqimi dhe pijet, deri te zgjidhjet e kursimit t\u00eb energjis\u00eb. Ne bashk\u00ebpunojm\u00eb me nj\u00eb num\u00ebr t\u00eb madh kompanish t\u00eb njohura n\u00eb Shqip\u00ebri dhe jasht\u00eb saj. Jemi krenar\u00eb q\u00eb jemi distributor\u00ebt e tyre ekskluziv\u00eb n\u00eb tregun Shqipetar.<\/p>\n<p>Historia jon\u00eb e biznesit ka nisur n\u00eb vitin 2012, me iniciativ\u00ebn dhe besimin e plot\u00eb n\u00eb suksesin e presidentit t\u00eb saj, Z. Qemal Shehaj, p\u00ebr t\u00eb qen\u00eb lider n\u00eb treg bazuar n\u00eb cil\u00ebsin\u00eb e markave q\u00eb shp\u00ebrndajm\u00eb dhe p\u00ebr t\u00eb qen\u00eb referenca e kompanive m\u00eb t\u00eb m\u00ebdha. n\u00eb tregun shqiptar. Ne besojm\u00eb ne arritjet tona per te kenaqur klientin dhe vler\u00ebsojm\u00eb besimin e klient\u00ebve tan\u00eb.<\/p>\n<p>Angazhimi yn\u00eb p\u00ebr cil\u00ebsin\u00eb reflektohet n\u00eb \u00e7do aspekt t\u00eb biznesit ton\u00eb dhe ne p\u00ebrpiqemi t\u00eb tejkalojm\u00eb pritshm\u00ebrit\u00eb e klient\u00ebve tan\u00eb n\u00eb \u00e7do aspekt. Ne jemi t\u00eb p\u00ebrkushtuar t\u00eb ofrojm\u00eb nj\u00eb nivel t\u00eb lart\u00eb sh\u00ebrbimi ndaj klientit, duke ofruar \u00e7mime konkuruese dhe duke ruajtur standarde t\u00eb larta t\u00eb cil\u00ebsis\u00eb s\u00eb produkteve tona.<\/p>\n<p>Stafi I Ita \u2013 Union jane \u00a0t\u00eb p\u00ebrkushtuar t&#8217;u ofrojn\u00eb klient\u00ebve tan\u00eb nivelin m\u00eb t\u00eb lart\u00eb t\u00eb sh\u00ebrbimit dhe k\u00ebnaq\u00ebsis\u00eb. Ekipi yn\u00eb i profesionist\u00ebve \u00ebsht\u00eb n\u00eb dispozicion p\u00ebr t\u00eb ndihmuar klient\u00ebt tan\u00eb me \u00e7do pyetje ose shqet\u00ebsim q\u00eb mund t\u00eb ken\u00eb. Ne jemi t\u00eb p\u00ebrkushtuar t&#8217;u ofrojm\u00eb klient\u00ebve tan\u00eb p\u00ebrvoj\u00ebn m\u00eb t\u00eb mir\u00eb t\u00eb mundshme dhe t\u00eb sigurojm\u00eb k\u00ebnaq\u00ebsin\u00eb e tyre.<\/p>\n<div id=\"gtx-trans\" style=\"position: absolute; left: 233px; top: 51px;\">\n<div class=\"gtx-trans-icon\"><\/div>\n<\/div>\n<p>[\/vc_column_text][\/vc_column_inner][vc_column_inner width=&#8221;1\/2&#8243;]<div class=\"ult-spacer spacer-69f1131abf7d3\" data-id=\"69f1131abf7d3\" data-height=\"20\" data-height-mobile=\"20\" data-height-tab=\"20\" data-height-tab-portrait=\"\" data-height-mobile-landscape=\"\" style=\"clear:both;display:block;\"><\/div><div class=\"ult-spacer spacer-69f1131abf82c\" data-id=\"69f1131abf82c\" data-height=\"20\" data-height-mobile=\"20\" data-height-tab=\"20\" data-height-tab-portrait=\"\" data-height-mobile-landscape=\"\" style=\"clear:both;display:block;\"><\/div>[vc_single_image image=&#8221;266&#8243; img_size=&#8221;full&#8221;][\/vc_column_inner][\/vc_row_inner][\/vc_column][\/vc_row][vc_row css=&#8221;.vc_custom_1678112079681{padding-top: 20px !important;padding-bottom: 40px !important;}&#8221;][vc_column width=&#8221;1\/2&#8243;]<div id=\"ult-carousel-299345546769f1131abf9ee\" class=\"ult-carousel-wrapper   ult_horizontal\" data-gutter=\"15\" data-rtl=\"false\" ><div class=\"ult-carousel-50071051769f1131abf8ec \" >[vc_single_image image=&#8221;247&#8243; img_size=&#8221;550&#215;650&#8243; alignment=&#8221;center&#8221;][vc_single_image image=&#8221;243&#8243; img_size=&#8221;550&#215;650&#8243; alignment=&#8221;center&#8221;][vc_single_image image=&#8221;246&#8243; img_size=&#8221;550&#215;650&#8243; alignment=&#8221;center&#8221;]<\/div><\/div>\t\t\t<script type=\"text\/javascript\">\n\t\t\t\tjQuery(document).ready(function ($) {\n\t\t\t\t\tif( typeof jQuery('.ult-carousel-50071051769f1131abf8ec').slick == \"function\"){\n\t\t\t\t\t\t$('.ult-carousel-50071051769f1131abf8ec').slick({dots: true,autoplay: true,autoplaySpeed: \"5000\",speed: \"300\",infinite: true,arrows: false,slidesToScroll:1,slidesToShow:1,swipe: true,draggable: true,touchMove: true,pauseOnHover: true,pauseOnFocus: false,responsive: [\n\t\t\t\t\t\t\t{\n\t\t\t\t\t\t\t  breakpoint: 1026,\n\t\t\t\t\t\t\t  settings: {\n\t\t\t\t\t\t\t\tslidesToShow: 1,\n\t\t\t\t\t\t\t\tslidesToScroll: 1,  \n\t\t\t\t\t\t\t  }\n\t\t\t\t\t\t\t},\n\t\t\t\t\t\t\t{\n\t\t\t\t\t\t\t  breakpoint: 1025,\n\t\t\t\t\t\t\t  settings: {\n\t\t\t\t\t\t\t\tslidesToShow: 1,\n\t\t\t\t\t\t\t\tslidesToScroll: 1\n\t\t\t\t\t\t\t  }\n\t\t\t\t\t\t\t},\n\t\t\t\t\t\t\t{\n\t\t\t\t\t\t\t  breakpoint: 760,\n\t\t\t\t\t\t\t  settings: {\n\t\t\t\t\t\t\t\tslidesToShow: 1,\n\t\t\t\t\t\t\t\tslidesToScroll: 1\n\t\t\t\t\t\t\t  }\n\t\t\t\t\t\t\t}\n\t\t\t\t\t\t],pauseOnDotsHover: true,customPaging: function(slider, i) {\n                   return '<i type=\"button\" style= \"color:#ed1c24;\" class=\"ultsl-record\" data-role=\"none\"><\/i>';\n                },});\n\t\t\t\t\t}\n\t\t\t\t});\n\t\t\t<\/script>\n\t\t\t[\/vc_column][vc_column width=&#8221;1\/2&#8243;]<div class=\"ult-spacer spacer-69f1131abfa73\" data-id=\"69f1131abfa73\" data-height=\"20\" data-height-mobile=\"20\" data-height-tab=\"20\" data-height-tab-portrait=\"\" data-height-mobile-landscape=\"\" style=\"clear:both;display:block;\"><\/div><div class=\"ult-spacer spacer-69f1131abfa9d\" data-id=\"69f1131abfa9d\" data-height=\"20\" data-height-mobile=\"20\" data-height-tab=\"20\" data-height-tab-portrait=\"\" data-height-mobile-landscape=\"\" style=\"clear:both;display:block;\"><\/div>[vc_custom_heading text=&#8221;Portofoli I produkteve tona&#8221; use_theme_fonts=&#8221;yes&#8221;][vc_column_text]Ne kemi punuar shum\u00eb p\u00ebr t\u00eb nd\u00ebrtuar portofolin ton\u00eb t\u00eb produkteve dhe p\u00ebr t&#8217;u siguruar q\u00eb ai pasqyron markat me cil\u00ebsi m\u00eb t\u00eb lart\u00eb nga e gjith\u00eb bota. Ne po monitorojm\u00eb vazhdimisht tregun p\u00ebr produkte dhe tendenca t\u00eb reja p\u00ebr t\u00eb siguruar q\u00eb portofoli yn\u00eb t\u00eb jet\u00eb gjithmon\u00eb i p\u00ebrdit\u00ebsuar dhe i p\u00ebrshtatsh\u00ebm. Aktualisht ne ofrojm\u00eb nj\u00eb gam\u00eb te gjere prej m\u00eb shum\u00eb se 100 produkteve n\u00eb kategori t\u00eb tilla si pije dhe ushqime.[\/vc_column_text]<div class=\"standard-arrow bullet-top\"><p><strong>Portofoli yn\u00eb i produkteve \u00ebsht\u00eb i strukturuar si m\u00eb posht\u00eb:<\/strong><\/p>\n<ul>\n<li>Drith\u00ebrat<\/li>\n<li>Ushqime te konservuara &amp; Catering<\/li>\n<li>\u00cbmb\u00eblsirat<\/li>\n<li>K\u00ebrpudha<\/li>\n<li>Ushqime te ndryshme<\/li>\n<li>Salca te shumellojshme<\/li>\n<\/ul>\n<\/div>[\/vc_column][\/vc_row][vc_row][vc_column width=&#8221;2\/3&#8243;]<div class=\"ult-spacer spacer-69f1131abfcaf\" data-id=\"69f1131abfcaf\" data-height=\"10\" data-height-mobile=\"10\" data-height-tab=\"10\" data-height-tab-portrait=\"\" data-height-mobile-landscape=\"\" style=\"clear:both;display:block;\"><\/div>[vc_custom_heading text=&#8221;Q\u00ebllimet tona&#8221; use_theme_fonts=&#8221;yes&#8221;][vc_column_text]Ne p\u00ebrdorim nj\u00eb p\u00ebrzierje t\u00eb teknikave tradicionale dhe moderne, p\u00ebr t\u00eb krijuar kombinimin perfekt t\u00eb cil\u00ebsis\u00eb dhe inovacionit. Ne bashk\u00ebpunojm\u00eb me m\u00eb t\u00eb mir\u00ebt n\u00eb industri p\u00ebr t\u00eb krijuar di\u00e7ka v\u00ebrtet unike dhe t\u00eb jasht\u00ebzakonshme per tja ofruar klienteve tane.<\/p>\n<p>Ita \u2013Union i jep p\u00ebrpar\u00ebsi k\u00ebnaq\u00ebsis\u00eb s\u00eb klientit dhe sigurojm\u00eb q\u00eb t\u00eb gjith\u00eb klient\u00ebt tan\u00eb t\u00eb marrin nivelin m\u00eb t\u00eb lart\u00eb t\u00eb sh\u00ebrbimit dhe mb\u00ebshtetjes. Ne vazhdimisht p\u00ebrpiqemi t\u00eb q\u00ebndrojm\u00eb p\u00ebrpara kurb\u00ebs dhe t\u00eb mbetemi inovativ\u00eb n\u00eb qasjen ton\u00eb ndaj marketingut dhe zhvillimit t\u00eb produktit.[\/vc_column_text][\/vc_column][vc_column width=&#8221;1\/3&#8243;][vc_single_image image=&#8221;33&#8243; img_size=&#8221;280&#215;280&#8243; alignment=&#8221;center&#8221;][\/vc_column][\/vc_row]<\/p>\n<\/div>","protected":false},"excerpt":{"rendered":"<p>[vc_row css=&#8221;.vc_custom_1678112049921{padding-top: 70px !important;padding-bottom: 70px !important;}&#8221;][vc_column][vc_row_inner][vc_column_inner width=&#8221;1\/2&#8243;][vc_custom_heading text=&#8221;Rreth Nesh&#8221; font_container=&#8221;tag:h2|font_size:45|text_align:left&#8221; use_theme_fonts=&#8221;yes&#8221; css=&#8221;.vc_custom_1678790773373{margin-top: -10px !important;}&#8221;][vc_column_text]Ita-Union ofron nj\u00eb gam\u00eb t\u00eb gjer\u00eb produktesh dhe sh\u00ebrbimesh, duke filluar nga ushqimi dhe pijet, deri te zgjidhjet e kursimit t\u00eb energjis\u00eb. Ne bashk\u00ebpunojm\u00eb me nj\u00eb num\u00ebr t\u00eb madh kompanish t\u00eb njohura n\u00eb Shqip\u00ebri dhe jasht\u00eb saj. Jemi krenar\u00eb q\u00eb jemi distributor\u00ebt&hellip;<\/p>\n","protected":false},"author":1,"featured_media":0,"parent":0,"menu_order":0,"comment_status":"closed","ping_status":"closed","template":"","meta":{"footnotes":""},"class_list":["post-388","page","type-page","status-publish","hentry","description-off"],"_links":{"self":[{"href":"https:\/\/ita-union.al\/sq\/wp-json\/wp\/v2\/pages\/388","targetHints":{"allow":["GET"]}}],"collection":[{"href":"https:\/\/ita-union.al\/sq\/wp-json\/wp\/v2\/pages"}],"about":[{"href":"https:\/\/ita-union.al\/sq\/wp-json\/wp\/v2\/types\/page"}],"author":[{"embeddable":true,"href":"https:\/\/ita-union.al\/sq\/wp-json\/wp\/v2\/users\/1"}],"replies":[{"embeddable":true,"href":"https:\/\/ita-union.al\/sq\/wp-json\/wp\/v2\/comments?post=388"}],"version-history":[{"count":5,"href":"https:\/\/ita-union.al\/sq\/wp-json\/wp\/v2\/pages\/388\/revisions"}],"predecessor-version":[{"id":620,"href":"https:\/\/ita-union.al\/sq\/wp-json\/wp\/v2\/pages\/388\/revisions\/620"}],"wp:attachment":[{"href":"https:\/\/ita-union.al\/sq\/wp-json\/wp\/v2\/media?parent=388"}],"curies":[{"name":"wp","href":"https:\/\/api.w.org\/{rel}","templated":true}]}}