{"id":374,"date":"2023-02-27T09:53:15","date_gmt":"2023-02-27T09:53:15","guid":{"rendered":"https:\/\/ita-union.al\/home\/"},"modified":"2023-03-17T09:11:53","modified_gmt":"2023-03-17T09:11:53","slug":"home","status":"publish","type":"page","link":"https:\/\/ita-union.al\/sq\/","title":{"rendered":"Home"},"content":{"rendered":"<div class=\"wpb-content-wrapper\"><p>[vc_row css=&#8221;.vc_custom_1678112049921{padding-top: 70px !important;padding-bottom: 70px !important;}&#8221;][vc_column][vc_row_inner][vc_column_inner width=&#8221;1\/2&#8243;][vc_custom_heading text=&#8221;ITA UNION&#8221; font_container=&#8221;tag:h3|font_size:18|text_align:left|color:%23ed1c24&#8243; use_theme_fonts=&#8221;yes&#8221;][vc_custom_heading text=&#8221;Rreth Nesh&#8221; font_container=&#8221;tag:h2|font_size:45|text_align:left&#8221; use_theme_fonts=&#8221;yes&#8221; css=&#8221;.vc_custom_1678789468961{margin-top: -10px !important;}&#8221;][vc_column_text]Ita-Union ofron nj\u00eb gam\u00eb t\u00eb gjer\u00eb produktesh dhe sh\u00ebrbimesh, duke filluar nga ushqimi dhe pijet, deri te zgjidhjet e kursimit t\u00eb energjis\u00eb. Ne bashk\u00ebpunojm\u00eb me nj\u00eb num\u00ebr t\u00eb madh kompanish t\u00eb njohura n\u00eb Shqip\u00ebri dhe jasht\u00eb saj. Jemi krenar\u00eb q\u00eb jemi distributor\u00ebt e tyre ekskluziv\u00eb n\u00eb tregun Shqipetar.<\/p>\n<p>Historia jon\u00eb e biznesit ka nisur n\u00eb vitin 2012, me iniciativ\u00ebn dhe besimin e plot\u00eb n\u00eb suksesin e presidentit t\u00eb saj, Z. Qemal Shehaj, p\u00ebr t\u00eb qen\u00eb lider n\u00eb treg bazuar n\u00eb cil\u00ebsin\u00eb e markave q\u00eb shp\u00ebrndajm\u00eb dhe p\u00ebr t\u00eb qen\u00eb referenca e kompanive m\u00eb t\u00eb m\u00ebdha. n\u00eb tregun shqiptar. Ne besojm\u00eb ne arritjet tona per te kenaqur klientin dhe vler\u00ebsojm\u00eb besimin e klient\u00ebve tan\u00eb.[\/vc_column_text]<div class=\" ubtn-ctn-left \"><a class=\"ubtn-link ult-adjust-bottom-margin ubtn-left ubtn-normal \" href=\"https:\/\/ita-union.al\/sq\/rreth-nesh\/\" title=\"Rreth Nesh\" ><button type=\"button\" id=\"ubtn-5560\"  class=\"ubtn ult-adjust-bottom-margin ult-responsive ubtn-normal ubtn-no-hover-bg  none  ubtn-left   tooltip-69d43fab79745\"  data-hover=\"#ed1c24\" data-border-color=\"#ed1c24\" data-bg=\"#ed1c24\" data-hover-bg=\"#ffffff\" data-border-hover=\"#ed1c24\" data-shadow-hover=\"\" data-shadow-click=\"none\" data-shadow=\"\" data-shd-shadow=\"\"  data-ultimate-target='#ubtn-5560'  data-responsive-json-new='{\"font-size\":\"\",\"line-height\":\"\"}'  style=\"font-weight:normal;border-radius:3px;border-width:1px;border-color:#ed1c24;border-style:solid;background: #ed1c24;color: #ffffff;\"><span class=\"ubtn-hover\" style=\"background-color:#ffffff\"><\/span><span class=\"ubtn-data ubtn-text \" >Shiko Me Shume<\/span><\/button><\/a><\/div>[\/vc_column_inner][vc_column_inner width=&#8221;1\/2&#8243;][vc_single_image image=&#8221;266&#8243; img_size=&#8221;full&#8221;][\/vc_column_inner][\/vc_row_inner][\/vc_column][\/vc_row][vc_row css=&#8221;.vc_custom_1678118262123{padding-bottom: 40px !important;}&#8221;][vc_column][vc_row_inner][vc_column_inner width=&#8221;1\/6&#8243;][\/vc_column_inner][vc_column_inner width=&#8221;2\/3&#8243;][vc_custom_heading text=&#8221;Kategorite Tona&#8221; font_container=&#8221;tag:h2|text_align:center&#8221; use_theme_fonts=&#8221;yes&#8221;][\/vc_column_inner][vc_column_inner width=&#8221;1\/6&#8243;][\/vc_column_inner][\/vc_row_inner][vc_row_inner][vc_column_inner]<div id=\"ult-carousel-274708851469d43fab79985\" class=\"ult-carousel-wrapper   ult_horizontal\" data-gutter=\"15\" data-rtl=\"false\" ><div class=\"ult-carousel-282249104769d43fab798a3 \" ><div class=\"ult-item-wrap\" data-animation=\"animated no-animation\"><div class=\"ult-new-ib ult-ib-effect-style2  ult-ib-resp  \" data-min-width=\"768\" data-max-width=\"900\" style=\"background:#000000;\" data-opacity=\"0.6\" data-hover-opacity=\"0.5\" ><img decoding=\"async\" class=\"ult-new-ib-img\" style=\"opacity:0.6;\" alt=\"null\" src=\"https:\/\/ita-union.al\/wp-content\/uploads\/2023\/03\/cereali2.jpg\"   \/><div id=\"interactive-banner-wrap-4110\" class=\"ult-new-ib-desc\" style=\"\"><h2 class=\"ult-new-ib-title ult-responsive\"  data-ultimate-target='#interactive-banner-wrap-4110 .ult-new-ib-title'  data-responsive-json-new='{\"font-size\":\"\",\"line-height\":\"\"}'  style=\"font-weight:bold;color:#ffffff;\">Drith\u00ebrat<\/h2><\/div><a class=\"ult-new-ib-link\" href=\"https:\/\/ita-union.al\/sq\/dritherat\/\" title=\"Drith\u00ebrat\"  ><\/a><\/div><\/div><div class=\"ult-item-wrap\" data-animation=\"animated no-animation\"><div class=\"ult-new-ib ult-ib-effect-style2  ult-ib-resp  \" data-min-width=\"768\" data-max-width=\"900\" style=\"background:#000000;\" data-opacity=\"0.6\" data-hover-opacity=\"0.5\" ><img decoding=\"async\" class=\"ult-new-ib-img\" style=\"opacity:0.6;\" alt=\"null\" src=\"https:\/\/ita-union.al\/wp-content\/uploads\/2023\/03\/caterig.jpg\"   \/><div id=\"interactive-banner-wrap-6000\" class=\"ult-new-ib-desc\" style=\"\"><h2 class=\"ult-new-ib-title ult-responsive\"  data-ultimate-target='#interactive-banner-wrap-6000 .ult-new-ib-title'  data-responsive-json-new='{\"font-size\":\"\",\"line-height\":\"\"}'  style=\"font-weight:bold;color:#ffffff;\">Ushqime te Konservuara &amp; Catering<\/h2><\/div><a class=\"ult-new-ib-link\" href=\"https:\/\/ita-union.al\/sq\/ushqime-te-konservuara-catering\/\" title=\"Ushqime te konservuara &amp; Catering\"  ><\/a><\/div><\/div><div class=\"ult-item-wrap\" data-animation=\"animated no-animation\"><div class=\"ult-new-ib ult-ib-effect-style2  ult-ib-resp  \" data-min-width=\"768\" data-max-width=\"900\" style=\"background:#000000;\" data-opacity=\"0.6\" data-hover-opacity=\"0.5\" ><img decoding=\"async\" class=\"ult-new-ib-img\" style=\"opacity:0.6;\" alt=\"null\" src=\"https:\/\/ita-union.al\/wp-content\/uploads\/2023\/03\/sweets2.jpg\"   \/><div id=\"interactive-banner-wrap-9388\" class=\"ult-new-ib-desc\" style=\"\"><h2 class=\"ult-new-ib-title ult-responsive\"  data-ultimate-target='#interactive-banner-wrap-9388 .ult-new-ib-title'  data-responsive-json-new='{\"font-size\":\"\",\"line-height\":\"\"}'  style=\"font-weight:bold;color:#ffffff;\">\u00cbmb\u00eblsirat<\/h2><\/div><a class=\"ult-new-ib-link\" href=\"https:\/\/ita-union.al\/sq\/embelsirat\/\" title=\"\u00cbmb\u00eblsirat\"  ><\/a><\/div><\/div><div class=\"ult-item-wrap\" data-animation=\"animated no-animation\"><div class=\"ult-new-ib ult-ib-effect-style2  ult-ib-resp  \" data-min-width=\"768\" data-max-width=\"900\" style=\"background:#000000;\" data-opacity=\"0.6\" data-hover-opacity=\"0.5\" ><img decoding=\"async\" class=\"ult-new-ib-img\" style=\"opacity:0.6;\" alt=\"null\" src=\"https:\/\/ita-union.al\/wp-content\/uploads\/2023\/03\/mushrooms.jpg\"   \/><div id=\"interactive-banner-wrap-8411\" class=\"ult-new-ib-desc\" style=\"\"><h2 class=\"ult-new-ib-title ult-responsive\"  data-ultimate-target='#interactive-banner-wrap-8411 .ult-new-ib-title'  data-responsive-json-new='{\"font-size\":\"\",\"line-height\":\"\"}'  style=\"font-weight:bold;color:#ffffff;\">K\u00ebrpudha<\/h2><\/div><a class=\"ult-new-ib-link\" href=\"https:\/\/ita-union.al\/sq\/kerpudha\/\" title=\"K\u00ebrpudha\"  ><\/a><\/div><\/div><div class=\"ult-item-wrap\" data-animation=\"animated no-animation\"><div class=\"ult-new-ib ult-ib-effect-style2  ult-ib-resp  \" data-min-width=\"768\" data-max-width=\"900\" style=\"background:#000000;\" data-opacity=\"0.6\" data-hover-opacity=\"0.5\" ><img decoding=\"async\" class=\"ult-new-ib-img\" style=\"opacity:0.6;\" alt=\"null\" src=\"https:\/\/ita-union.al\/wp-content\/uploads\/2023\/03\/groceries2.jpg\"   \/><div id=\"interactive-banner-wrap-8824\" class=\"ult-new-ib-desc\" style=\"\"><h2 class=\"ult-new-ib-title ult-responsive\"  data-ultimate-target='#interactive-banner-wrap-8824 .ult-new-ib-title'  data-responsive-json-new='{\"font-size\":\"\",\"line-height\":\"\"}'  style=\"font-weight:bold;color:#ffffff;\">Ushqime te Ndryshme<\/h2><\/div><a class=\"ult-new-ib-link\" href=\"https:\/\/ita-union.al\/sq\/ushqime-te-ndryshme\/\" title=\"Ushqime te ndryshme\"  ><\/a><\/div><\/div><div class=\"ult-item-wrap\" data-animation=\"animated no-animation\"><div class=\"ult-new-ib ult-ib-effect-style2  ult-ib-resp  \" data-min-width=\"768\" data-max-width=\"900\" style=\"background:#000000;\" data-opacity=\"0.6\" data-hover-opacity=\"0.5\" ><img decoding=\"async\" class=\"ult-new-ib-img\" style=\"opacity:0.6;\" alt=\"null\" src=\"https:\/\/ita-union.al\/wp-content\/uploads\/2023\/03\/souce.jpg\"   \/><div id=\"interactive-banner-wrap-7028\" class=\"ult-new-ib-desc\" style=\"\"><h2 class=\"ult-new-ib-title ult-responsive\"  data-ultimate-target='#interactive-banner-wrap-7028 .ult-new-ib-title'  data-responsive-json-new='{\"font-size\":\"\",\"line-height\":\"\"}'  style=\"font-weight:bold;color:#ffffff;\">Salca te Shumellojshme<\/h2><\/div><a class=\"ult-new-ib-link\" href=\"https:\/\/ita-union.al\/sq\/salca-te-shumellojshme\/\" title=\"Salca te shumellojshme\"  ><\/a><\/div><\/div><\/div><\/div>\t\t\t<script type=\"text\/javascript\">\n\t\t\t\tjQuery(document).ready(function ($) {\n\t\t\t\t\tif( typeof jQuery('.ult-carousel-282249104769d43fab798a3').slick == \"function\"){\n\t\t\t\t\t\t$('.ult-carousel-282249104769d43fab798a3').slick({dots: true,autoplay: true,autoplaySpeed: \"5000\",speed: \"300\",infinite: true,arrows: true,nextArrow: '<button type=\"button\" role=\"button\" aria-label=\"Next\" style=\"color:#ed1c24; font-size:20px;\" class=\"slick-next default\"><i class=\"ultsl-arrow-right4\"><\/i><\/button>',prevArrow: '<button type=\"button\" role=\"button\" aria-label=\"Previous\" style=\"color:#ed1c24; font-size:20px;\" class=\"slick-prev default\"><i class=\"ultsl-arrow-left4\"><\/i><\/button>',slidesToScroll:3,slidesToShow:3,swipe: true,draggable: true,touchMove: true,pauseOnHover: true,pauseOnFocus: false,responsive: [\n\t\t\t\t\t\t\t{\n\t\t\t\t\t\t\t  breakpoint: 1026,\n\t\t\t\t\t\t\t  settings: {\n\t\t\t\t\t\t\t\tslidesToShow: 3,\n\t\t\t\t\t\t\t\tslidesToScroll: 3,  \n\t\t\t\t\t\t\t  }\n\t\t\t\t\t\t\t},\n\t\t\t\t\t\t\t{\n\t\t\t\t\t\t\t  breakpoint: 1025,\n\t\t\t\t\t\t\t  settings: {\n\t\t\t\t\t\t\t\tslidesToShow: 2,\n\t\t\t\t\t\t\t\tslidesToScroll: 2\n\t\t\t\t\t\t\t  }\n\t\t\t\t\t\t\t},\n\t\t\t\t\t\t\t{\n\t\t\t\t\t\t\t  breakpoint: 760,\n\t\t\t\t\t\t\t  settings: {\n\t\t\t\t\t\t\t\tslidesToShow: 1,\n\t\t\t\t\t\t\t\tslidesToScroll: 1\n\t\t\t\t\t\t\t  }\n\t\t\t\t\t\t\t}\n\t\t\t\t\t\t],pauseOnDotsHover: true,customPaging: function(slider, i) {\n                   return '<i type=\"button\" style= \"color:#ed1c24;\" class=\"ultsl-record\" data-role=\"none\"><\/i>';\n                },});\n\t\t\t\t\t}\n\t\t\t\t});\n\t\t\t<\/script>\n\t\t\t[\/vc_column_inner][\/vc_row_inner][\/vc_column][\/vc_row][vc_row bg_type=&#8221;image&#8221; parallax_style=&#8221;vcpb-default&#8221; bg_image_new=&#8221;id^257|url^https:\/\/ita-union.al\/wp-content\/uploads\/2023\/03\/bg-recipe.jpg|caption^null|alt^null|title^bg-recipe|description^null&#8221; bg_override=&#8221;ex-full&#8221; css=&#8221;.vc_custom_1678182217604{padding-top: 30px !important;padding-bottom: 50px !important;}&#8221;][vc_column][vc_custom_heading text=&#8221;Receta&#8221; font_container=&#8221;tag:h2|text_align:center|color:%23ffffff&#8221; use_theme_fonts=&#8221;yes&#8221;]<div class=\"ult-spacer spacer-69d43fab7aa84\" data-id=\"69d43fab7aa84\" data-height=\"20\" data-height-mobile=\"20\" data-height-tab=\"20\" data-height-tab-portrait=\"\" data-height-mobile-landscape=\"\" style=\"clear:both;display:block;\"><\/div><div class=\"ult-spacer spacer-69d43fab7aace\" data-id=\"69d43fab7aace\" data-height=\"20\" data-height-mobile=\"20\" data-height-tab=\"20\" data-height-tab-portrait=\"\" data-height-mobile-landscape=\"\" style=\"clear:both;display:block;\"><\/div>[vc_row_inner][vc_column_inner width=&#8221;1\/2&#8243;][vc_single_image image=&#8221;256&#8243; img_size=&#8221;full&#8221;][\/vc_column_inner][vc_column_inner width=&#8221;1\/2&#8243;]<div class=\"ult-spacer spacer-69d43fab7ab12\" data-id=\"69d43fab7ab12\" data-height=\"50\" data-height-mobile=\"50\" data-height-tab=\"50\" data-height-tab-portrait=\"\" data-height-mobile-landscape=\"\" style=\"clear:both;display:block;\"><\/div>[vc_custom_heading text=&#8221;Biskota me Tershere&#8221; font_container=&#8221;tag:h2|text_align:left|color:%23ffffff&#8221; use_theme_fonts=&#8221;yes&#8221;]<div class=\"ult-spacer spacer-69d43fab7ab53\" data-id=\"69d43fab7ab53\" data-height=\"20\" data-height-mobile=\"20\" data-height-tab=\"20\" data-height-tab-portrait=\"\" data-height-mobile-landscape=\"\" style=\"clear:both;display:block;\"><\/div><div class=\"standard-arrow bullet-top\"><p><span style=\"color: #ffffff;\"><strong>P\u00ebrb\u00ebr\u00ebsit<\/strong><\/span><\/p>\n<ul>\n<li><span style=\"color: #ffffff;\">1 1\/4 filxhan(a) gjalp\u00eb t\u00eb zbutur<\/span><\/li>\n<li><span style=\"color: #ffffff;\">3\/4 filxhan(s) sheqer kaf<\/span><\/li>\n<li><span style=\"color: #ffffff;\">1\/2 filxhan(a) sheqer t\u00eb grimcuar<\/span><\/li>\n<li><span style=\"color: #ffffff;\">1 vez\u00eb<\/span><\/li>\n<li><span style=\"color: #ffffff;\">1 lug\u00eb \u00e7aji vanilje<\/span><\/li>\n<li><span style=\"color: #ffffff;\">1 1\/2 filxhan(a) miell p\u00ebr t\u00eb gjitha p\u00ebrdorimet<\/span><\/li>\n<li><span style=\"color: #ffffff;\">1 lug\u00eb(a) \u00e7aji sod\u00eb buke<\/span><\/li>\n<li><span style=\"color: #ffffff;\">1 lug\u00eb(a) \u00e7aji kanell\u00eb t\u00eb bluar<\/span><\/li>\n<li><span style=\"color: #ffffff;\">1\/4 lug\u00eb \u00e7aji arr\u00ebmyshk i bluar<\/span><\/li>\n<li><span style=\"color: #ffffff;\">3 filxhan\u00eb(a) t\u00ebrsh\u00ebr\u00eb<\/span><\/li>\n<\/ul>\n<\/div>[vc_column_text]<span style=\"color: #ffffff;\"><strong>Udh\u00ebzime gatimi<\/strong><\/span><br \/>\n<span style=\"color: #ffffff;\">Ngroheni furr\u00ebn n\u00eb 375\u00b0F. N\u00eb nj\u00eb tas t\u00eb madh, rrahim gjalpin dhe sheqernat derisa t\u00eb b\u00ebhen kremoze. Shtoni vez\u00ebn dhe vaniljen: trazojini mir\u00eb. Shtoni miell t\u00eb kombinuar, sod\u00eb buke, kanell\u00eb, krip\u00eb dhe arr\u00ebmyshk; p\u00ebrzieni mir\u00eb. Shtoni t\u00ebrsh\u00ebr\u00eb; p\u00ebrzieni mir\u00eb. Hidheni brumin me lug\u00eb t\u00eb rrumbullakosura mbi flet\u00ebt e biskotave t\u00eb palyera. Piqni 8 deri n\u00eb 9 minuta p\u00ebr nj\u00eb biskot\u00eb t\u00eb bute ose 10 deri n\u00eb 11 minuta p\u00ebr nj\u00eb biskot\u00eb t\u00eb fresk\u00ebt.<\/span>[\/vc_column_text][\/vc_column_inner][\/vc_row_inner][\/vc_column][\/vc_row][vc_row][vc_column width=&#8221;2\/3&#8243;]<div class=\"ult-spacer spacer-69d43fab7ae98\" data-id=\"69d43fab7ae98\" data-height=\"40\" data-height-mobile=\"40\" data-height-tab=\"40\" data-height-tab-portrait=\"\" data-height-mobile-landscape=\"\" style=\"clear:both;display:block;\"><\/div>[vc_custom_heading text=&#8221;Qellimet Tona&#8221; use_theme_fonts=&#8221;yes&#8221;][vc_column_text]Ne p\u00ebrdorim nj\u00eb p\u00ebrzierje t\u00eb teknikave tradicionale dhe moderne, p\u00ebr t\u00eb krijuar kombinimin perfekt t\u00eb cil\u00ebsis\u00eb dhe inovacionit. Ne bashk\u00ebpunojm\u00eb me m\u00eb t\u00eb mir\u00ebt n\u00eb industri p\u00ebr t\u00eb krijuar di\u00e7ka v\u00ebrtet unike dhe t\u00eb jasht\u00ebzakonshme per tja ofruar klienteve tane.<\/p>\n<p>Ita \u2013Union i jep p\u00ebrpar\u00ebsi k\u00ebnaq\u00ebsis\u00eb s\u00eb klientit dhe sigurojm\u00eb q\u00eb t\u00eb gjith\u00eb klient\u00ebt tan\u00eb t\u00eb marrin nivelin m\u00eb t\u00eb lart\u00eb t\u00eb sh\u00ebrbimit dhe mb\u00ebshtetjes. Ne vazhdimisht p\u00ebrpiqemi t\u00eb q\u00ebndrojm\u00eb p\u00ebrpara kurb\u00ebs dhe t\u00eb mbetemi inovativ\u00eb n\u00eb qasjen ton\u00eb ndaj marketingut dhe zhvillimit t\u00eb produktit[\/vc_column_text][\/vc_column][vc_column width=&#8221;1\/3&#8243;]<div class=\"ult-spacer spacer-69d43fab7aee1\" data-id=\"69d43fab7aee1\" data-height=\"20\" data-height-mobile=\"20\" data-height-tab=\"20\" data-height-tab-portrait=\"\" data-height-mobile-landscape=\"\" style=\"clear:both;display:block;\"><\/div>[vc_single_image image=&#8221;33&#8243; img_size=&#8221;280&#215;280&#8243; alignment=&#8221;center&#8221;][\/vc_column][\/vc_row]<\/p>\n<\/div>","protected":false},"excerpt":{"rendered":"<p>[vc_row css=&#8221;.vc_custom_1678112049921{padding-top: 70px !important;padding-bottom: 70px !important;}&#8221;][vc_column][vc_row_inner][vc_column_inner width=&#8221;1\/2&#8243;][vc_custom_heading text=&#8221;ITA UNION&#8221; font_container=&#8221;tag:h3|font_size:18|text_align:left|color:%23ed1c24&#8243; use_theme_fonts=&#8221;yes&#8221;][vc_custom_heading text=&#8221;Rreth Nesh&#8221; font_container=&#8221;tag:h2|font_size:45|text_align:left&#8221; use_theme_fonts=&#8221;yes&#8221; css=&#8221;.vc_custom_1678789468961{margin-top: -10px !important;}&#8221;][vc_column_text]Ita-Union ofron nj\u00eb gam\u00eb t\u00eb gjer\u00eb produktesh dhe sh\u00ebrbimesh, duke filluar nga ushqimi dhe pijet, deri te zgjidhjet e kursimit t\u00eb energjis\u00eb. Ne bashk\u00ebpunojm\u00eb me nj\u00eb num\u00ebr t\u00eb madh kompanish t\u00eb njohura n\u00eb Shqip\u00ebri dhe jasht\u00eb saj. Jemi&hellip;<\/p>\n","protected":false},"author":1,"featured_media":0,"parent":0,"menu_order":0,"comment_status":"closed","ping_status":"closed","template":"","meta":{"footnotes":""},"class_list":["post-374","page","type-page","status-publish","hentry","description-off"],"_links":{"self":[{"href":"https:\/\/ita-union.al\/sq\/wp-json\/wp\/v2\/pages\/374","targetHints":{"allow":["GET"]}}],"collection":[{"href":"https:\/\/ita-union.al\/sq\/wp-json\/wp\/v2\/pages"}],"about":[{"href":"https:\/\/ita-union.al\/sq\/wp-json\/wp\/v2\/types\/page"}],"author":[{"embeddable":true,"href":"https:\/\/ita-union.al\/sq\/wp-json\/wp\/v2\/users\/1"}],"replies":[{"embeddable":true,"href":"https:\/\/ita-union.al\/sq\/wp-json\/wp\/v2\/comments?post=374"}],"version-history":[{"count":8,"href":"https:\/\/ita-union.al\/sq\/wp-json\/wp\/v2\/pages\/374\/revisions"}],"predecessor-version":[{"id":621,"href":"https:\/\/ita-union.al\/sq\/wp-json\/wp\/v2\/pages\/374\/revisions\/621"}],"wp:attachment":[{"href":"https:\/\/ita-union.al\/sq\/wp-json\/wp\/v2\/media?parent=374"}],"curies":[{"name":"wp","href":"https:\/\/api.w.org\/{rel}","templated":true}]}}